{"id":444,"date":"2025-04-17T14:25:40","date_gmt":"2025-04-17T14:25:40","guid":{"rendered":"https:\/\/oganiko.com\/o-nas\/"},"modified":"2025-04-30T16:28:18","modified_gmt":"2025-04-30T16:28:18","slug":"o-nas","status":"publish","type":"page","link":"https:\/\/oganiko.com\/pl\/o-nas\/","title":{"rendered":"O nas"},"content":{"rendered":"<style>.wp-block-kadence-advancedheading.kt-adv-heading172_bf0192-ee, .wp-block-kadence-advancedheading.kt-adv-heading172_bf0192-ee[data-kb-block=\"kb-adv-heading172_bf0192-ee\"]{font-style:normal;}.wp-block-kadence-advancedheading.kt-adv-heading172_bf0192-ee mark.kt-highlight, .wp-block-kadence-advancedheading.kt-adv-heading172_bf0192-ee[data-kb-block=\"kb-adv-heading172_bf0192-ee\"] mark.kt-highlight{font-style:normal;color:#f76a0c;-webkit-box-decoration-break:clone;box-decoration-break:clone;padding-top:0px;padding-right:0px;padding-bottom:0px;padding-left:0px;}.wp-block-kadence-advancedheading.kt-adv-heading172_bf0192-ee img.kb-inline-image, .wp-block-kadence-advancedheading.kt-adv-heading172_bf0192-ee[data-kb-block=\"kb-adv-heading172_bf0192-ee\"] img.kb-inline-image{width:150px;vertical-align:baseline;}<\/style>\n<h2 class=\"kt-adv-heading172_bf0192-ee wp-block-kadence-advancedheading\" data-kb-block=\"kb-adv-heading172_bf0192-ee\"><strong>Wprowadzenie<\/strong><\/h2>\n\n<p class=\"has-medium-font-size\"><strong>Witamy w OGANIKO &#8211; Jeste\u015bmy ma\u0142\u0105, rodzinn\u0105 firm\u0105, kt\u00f3rej celem jest pomaganie Pa\u0144stwu w zdrowym od\u017cywianiu i \u015bwietnym samopoczuciu. Koncentruj\u0105c si\u0119 na najwy\u017cszej jako\u015bci, prozdrowotnej \u017cywno\u015bci, takiej jak surowy mi\u00f3d, py\u0142ek pszczeli i orzechy w\u0142oskie, s\u0142u\u017cymy osobom dbaj\u0105cym o zdrowie, poszukuj\u0105cym godnych zaufania, niezmienionych i pochodz\u0105cych ze zr\u00f3wnowa\u017conych \u017ar\u00f3de\u0142 produkt\u00f3w. <\/strong><br\/><\/p>\n<style>.wp-block-kadence-advancedheading.kt-adv-heading172_5ad714-6a, .wp-block-kadence-advancedheading.kt-adv-heading172_5ad714-6a[data-kb-block=\"kb-adv-heading172_5ad714-6a\"]{font-style:normal;}.wp-block-kadence-advancedheading.kt-adv-heading172_5ad714-6a mark.kt-highlight, .wp-block-kadence-advancedheading.kt-adv-heading172_5ad714-6a[data-kb-block=\"kb-adv-heading172_5ad714-6a\"] mark.kt-highlight{font-style:normal;color:#f76a0c;-webkit-box-decoration-break:clone;box-decoration-break:clone;padding-top:0px;padding-right:0px;padding-bottom:0px;padding-left:0px;}.wp-block-kadence-advancedheading.kt-adv-heading172_5ad714-6a img.kb-inline-image, .wp-block-kadence-advancedheading.kt-adv-heading172_5ad714-6a[data-kb-block=\"kb-adv-heading172_5ad714-6a\"] img.kb-inline-image{width:150px;vertical-align:baseline;}<\/style>\n<h2 class=\"kt-adv-heading172_5ad714-6a wp-block-kadence-advancedheading\" data-kb-block=\"kb-adv-heading172_5ad714-6a\">Nasza historia<\/h2>\n\n<p>OGANIKO rozpocz\u0119\u0142o si\u0119 jako osobista podr\u00f3\u017c &#8211; zrodzona z naszego pragnienia znalezienia lepszej, zdrowszej \u017cywno\u015bci dla naszego w\u0142asnego \u017cycia. To, co zacz\u0119\u0142o si\u0119 jako wyb\u00f3r stylu \u017cycia, szybko przerodzi\u0142o si\u0119 w misj\u0119 dzielenia si\u0119 wysokiej jako\u015bci, naturalnymi produktami z innymi, kt\u00f3rzy ceni\u0105 sobie dobre samopoczucie i autentyczno\u015b\u0107. <\/p>\n\n<p>W 2016 roku wkroczyli\u015bmy na t\u0119 \u015bcie\u017ck\u0119, a w 2018 roku nasz za\u0142o\u017cyciel Phil porzuci\u0142 20-letni\u0105 karier\u0119 w bran\u017cy technologicznej i projektowania do\u015bwiadcze\u0144 u\u017cytkownik\u00f3w, aby po\u015bwi\u0119ci\u0107 wi\u0119cej czasu firmie. W 2023 roku ca\u0142kowicie wycofa\u0142 si\u0119 z \u017cycia korporacyjnego, aby skupi\u0107 si\u0119 na OGANIKO w pe\u0142nym wymiarze godzin, wraz ze swoj\u0105 \u017con\u0105 Edyt\u0105. Razem zbudowali\u015bmy mark\u0119 zakorzenion\u0105 w uczciwo\u015bci, przejrzysto\u015bci i trosce.  <\/p>\n<style>.wp-block-kadence-advancedheading.kt-adv-heading172_89bfed-1a, .wp-block-kadence-advancedheading.kt-adv-heading172_89bfed-1a[data-kb-block=\"kb-adv-heading172_89bfed-1a\"]{font-style:normal;}.wp-block-kadence-advancedheading.kt-adv-heading172_89bfed-1a mark.kt-highlight, .wp-block-kadence-advancedheading.kt-adv-heading172_89bfed-1a[data-kb-block=\"kb-adv-heading172_89bfed-1a\"] mark.kt-highlight{font-style:normal;color:#f76a0c;-webkit-box-decoration-break:clone;box-decoration-break:clone;padding-top:0px;padding-right:0px;padding-bottom:0px;padding-left:0px;}.wp-block-kadence-advancedheading.kt-adv-heading172_89bfed-1a img.kb-inline-image, .wp-block-kadence-advancedheading.kt-adv-heading172_89bfed-1a[data-kb-block=\"kb-adv-heading172_89bfed-1a\"] img.kb-inline-image{width:150px;vertical-align:baseline;}<\/style>\n<h2 class=\"kt-adv-heading172_89bfed-1a wp-block-kadence-advancedheading\" data-kb-block=\"kb-adv-heading172_89bfed-1a\">Nasza misja<\/h2>\n\n<p><strong>Nasza misja jest prosta: <\/strong>Oferowa\u0107 zdrow\u0105 \u017cywno\u015b\u0107, kt\u00f3ra jest naturalna, niezmieniona i wzmacniaj\u0105ca. Wierzymy w edukowanie naszych klient\u00f3w na temat tego, co spo\u017cywaj\u0105 &#8211; a nie tylko sprzedawanie tego. Niezale\u017cnie od tego, czy jest to surowy hiszpa\u0144ski mi\u00f3d g\u00f3rski, kremowy polski mi\u00f3d z dzikich kwiat\u00f3w, czy identyfikowalny europejski py\u0142ek pszczeli, wszystko, co oferujemy, wspiera Pa\u0144stwa podr\u00f3\u017c do dobrego samopoczucia z jasno\u015bci\u0105 i uczciwo\u015bci\u0105.  <br\/><\/p>\n<style>.wp-block-kadence-advancedheading.kt-adv-heading172_fb84f7-89, .wp-block-kadence-advancedheading.kt-adv-heading172_fb84f7-89[data-kb-block=\"kb-adv-heading172_fb84f7-89\"]{font-style:normal;}.wp-block-kadence-advancedheading.kt-adv-heading172_fb84f7-89 mark.kt-highlight, .wp-block-kadence-advancedheading.kt-adv-heading172_fb84f7-89[data-kb-block=\"kb-adv-heading172_fb84f7-89\"] mark.kt-highlight{font-style:normal;color:#f76a0c;-webkit-box-decoration-break:clone;box-decoration-break:clone;padding-top:0px;padding-right:0px;padding-bottom:0px;padding-left:0px;}.wp-block-kadence-advancedheading.kt-adv-heading172_fb84f7-89 img.kb-inline-image, .wp-block-kadence-advancedheading.kt-adv-heading172_fb84f7-89[data-kb-block=\"kb-adv-heading172_fb84f7-89\"] img.kb-inline-image{width:150px;vertical-align:baseline;}<\/style>\n<h2 class=\"kt-adv-heading172_fb84f7-89 wp-block-kadence-advancedheading\" data-kb-block=\"kb-adv-heading172_fb84f7-89\"><strong>Co czyni nas wyj\u0105tkowymi<\/strong><\/h2>\n<div class=\"wp-block-image\">\n<figure class=\"alignleft size-full\"><img loading=\"lazy\" decoding=\"async\" width=\"64\" height=\"64\" src=\"https:\/\/oganiko.com\/wp-content\/uploads\/2025\/04\/raw-unprocessed-e1745310256721.png\" alt=\"Naturalne i nieprzetworzone\" class=\"wp-image-262\"\/><\/figure>\n<\/div>\n<p><strong>Naturalne i nieprzetworzone:<\/strong><br\/>Wierzymy w utrzymywanie \u017cywno\u015bci w stanie jak najbardziej zbli\u017conym do naturalnego &#8211; nieprzetworzonej, niezmienionej i pe\u0142nej dobroci, zgodnie z zamierzeniami natury.<\/p>\n<div class=\"wp-block-image\">\n<figure class=\"alignleft size-full\"><img loading=\"lazy\" decoding=\"async\" width=\"64\" height=\"64\" src=\"https:\/\/oganiko.com\/wp-content\/uploads\/2025\/04\/OG-Icn-Trusted-Sources-e1745311957376.png\" alt=\"\" class=\"wp-image-265\"\/><\/figure>\n<\/div>\n<p><strong>Zaufane \u017ar\u00f3d\u0142a zaopatrzenia:<\/strong><br\/>Wsp\u00f3\u0142pracujemy wy\u0142\u0105cznie z wiarygodnymi, renomowanymi producentami, kt\u00f3rzy podzielaj\u0105 nasze warto\u015bci &#8211; zapewniaj\u0105c, \u017ce ka\u017cdy oferowany przez nas produkt spe\u0142nia nasze wysokie standardy jako\u015bci, przejrzysto\u015bci i uczciwo\u015bci.<\/p>\n<div class=\"wp-block-image\">\n<figure class=\"alignleft size-full\"><img loading=\"lazy\" decoding=\"async\" width=\"64\" height=\"64\" src=\"https:\/\/oganiko.com\/wp-content\/uploads\/2025\/04\/OG-Icn-Premium-Quality-e1745312959399.png\" alt=\"\" class=\"wp-image-266\"\/><\/figure>\n<\/div>\n<p><strong>Najwy\u017csza jako\u015b\u0107:<\/strong><strong><br\/><\/strong> Wszystko, co oferujemy, jest wybierane ze wzgl\u0119du na wysok\u0105 warto\u015b\u0107 od\u017cywcz\u0105 &#8211; naturalnie bogate w przeciwutleniacze, niezb\u0119dne minera\u0142y i autentyczny smak.<\/p>\n<div class=\"wp-block-image\">\n<figure class=\"alignleft size-full\"><img loading=\"lazy\" decoding=\"async\" width=\"64\" height=\"64\" src=\"https:\/\/oganiko.com\/wp-content\/uploads\/2025\/04\/family_root_icon_cleaned-e1745318339702.png\" alt=\"Zakorzenienie w warto&#x15B;ciach rodzinnych\" class=\"wp-image-268\"\/><\/figure>\n<\/div>\n<p><strong>Zakorzenieni w warto\u015bciach rodzinnych:<\/strong><strong><br\/><\/strong> Jako ma\u0142a firma rodzinna wk\u0142adamy serce we wszystko, co robimy &#8211; z trosk\u0105, po\u015bwi\u0119ceniem i prawdziw\u0105 pasj\u0105 pomagania innym w dobrym \u017cyciu.<\/p>\n\n<p><\/p>\n<style>.wp-block-kadence-advancedheading.kt-adv-heading172_4c89ae-93, .wp-block-kadence-advancedheading.kt-adv-heading172_4c89ae-93[data-kb-block=\"kb-adv-heading172_4c89ae-93\"]{font-style:normal;}.wp-block-kadence-advancedheading.kt-adv-heading172_4c89ae-93 mark.kt-highlight, .wp-block-kadence-advancedheading.kt-adv-heading172_4c89ae-93[data-kb-block=\"kb-adv-heading172_4c89ae-93\"] mark.kt-highlight{font-style:normal;color:#f76a0c;-webkit-box-decoration-break:clone;box-decoration-break:clone;padding-top:0px;padding-right:0px;padding-bottom:0px;padding-left:0px;}.wp-block-kadence-advancedheading.kt-adv-heading172_4c89ae-93 img.kb-inline-image, .wp-block-kadence-advancedheading.kt-adv-heading172_4c89ae-93[data-kb-block=\"kb-adv-heading172_4c89ae-93\"] img.kb-inline-image{width:150px;vertical-align:baseline;}<\/style>\n<h2 class=\"kt-adv-heading172_4c89ae-93 wp-block-kadence-advancedheading\" data-kb-block=\"kb-adv-heading172_4c89ae-93\">Prosz\u0119 pozna\u0107 zesp\u00f3\u0142<\/h2>\n\n<p><strong>Phil i Edyta<\/strong> &#8211; Za\u0142o\u017cyciele<br\/>Duet m\u0105\u017c i \u017cona mieszkaj\u0105cy na polskiej wsi, zbudowali\u015bmy OGANIKO od podstaw. Phil wnosi swoje do\u015bwiadczenie w projektowaniu i technologii, aby stworzy\u0107 czyste, skoncentrowane na u\u017cytkowniku do\u015bwiadczenie, podczas gdy Edyta wnosi intuicj\u0119, kreatywno\u015b\u0107 i wgl\u0105d z serca naszego domu. <\/p>\n\n<p><\/p>\n","protected":false},"excerpt":{"rendered":"<p>Wprowadzenie Witamy w OGANIKO &#8211; Jeste\u015bmy ma\u0142\u0105, rodzinn\u0105 firm\u0105, kt\u00f3rej celem jest pomaganie Pa\u0144stwu w zdrowym od\u017cywianiu i \u015bwietnym samopoczuciu. Koncentruj\u0105c si\u0119 na najwy\u017cszej jako\u015bci, prozdrowotnej \u017cywno\u015bci, takiej jak surowy mi\u00f3d, py\u0142ek pszczeli i orzechy w\u0142oskie, s\u0142u\u017cymy osobom dbaj\u0105cym o zdrowie, poszukuj\u0105cym godnych zaufania, niezmienionych i pochodz\u0105cych ze zr\u00f3wnowa\u017conych \u017ar\u00f3de\u0142 produkt\u00f3w. Nasza historia OGANIKO rozpocz\u0119\u0142o&#8230;<\/p>\n","protected":false},"author":1,"featured_media":0,"parent":0,"menu_order":0,"comment_status":"closed","ping_status":"closed","template":"","meta":{"_kad_blocks_custom_css":"","_kad_blocks_head_custom_js":"","_kad_blocks_body_custom_js":"","_kad_blocks_footer_custom_js":"","_kadence_starter_templates_imported_post":false,"_kad_post_transparent":"","_kad_post_title":"","_kad_post_layout":"","_kad_post_sidebar_id":"","_kad_post_content_style":"","_kad_post_vertical_padding":"","_kad_post_feature":"","_kad_post_feature_position":"","_kad_post_header":false,"_kad_post_footer":false,"footnotes":""},"class_list":["post-444","page","type-page","status-publish","hentry"],"taxonomy_info":[],"featured_image_src_large":false,"author_info":{"display_name":"admin_Oganik0","author_link":"https:\/\/oganiko.com\/pl\/author\/admin_oganik0\/"},"comment_info":0,"_links":{"self":[{"href":"https:\/\/oganiko.com\/pl\/wp-json\/wp\/v2\/pages\/444","targetHints":{"allow":["GET"]}}],"collection":[{"href":"https:\/\/oganiko.com\/pl\/wp-json\/wp\/v2\/pages"}],"about":[{"href":"https:\/\/oganiko.com\/pl\/wp-json\/wp\/v2\/types\/page"}],"author":[{"embeddable":true,"href":"https:\/\/oganiko.com\/pl\/wp-json\/wp\/v2\/users\/1"}],"replies":[{"embeddable":true,"href":"https:\/\/oganiko.com\/pl\/wp-json\/wp\/v2\/comments?post=444"}],"version-history":[{"count":1,"href":"https:\/\/oganiko.com\/pl\/wp-json\/wp\/v2\/pages\/444\/revisions"}],"predecessor-version":[{"id":447,"href":"https:\/\/oganiko.com\/pl\/wp-json\/wp\/v2\/pages\/444\/revisions\/447"}],"wp:attachment":[{"href":"https:\/\/oganiko.com\/pl\/wp-json\/wp\/v2\/media?parent=444"}],"curies":[{"name":"wp","href":"https:\/\/api.w.org\/{rel}","templated":true}]}}