{"id":418,"date":"2025-04-17T15:23:17","date_gmt":"2025-04-17T15:23:17","guid":{"rendered":"https:\/\/oganiko.com\/prosze-sie-uczyc\/"},"modified":"2025-04-17T15:23:17","modified_gmt":"2025-04-17T15:23:17","slug":"prosze-sie-uczyc","status":"publish","type":"page","link":"https:\/\/oganiko.com\/pl\/prosze-sie-uczyc\/","title":{"rendered":"Prosz\u0119 si\u0119 uczy\u0107"},"content":{"rendered":"","protected":false},"excerpt":{"rendered":"","protected":false},"author":1,"featured_media":0,"parent":0,"menu_order":0,"comment_status":"closed","ping_status":"closed","template":"","meta":{"_kad_blocks_custom_css":"","_kad_blocks_head_custom_js":"","_kad_blocks_body_custom_js":"","_kad_blocks_footer_custom_js":"","_kadence_starter_templates_imported_post":false,"_kad_post_transparent":"","_kad_post_title":"","_kad_post_layout":"","_kad_post_sidebar_id":"","_kad_post_content_style":"","_kad_post_vertical_padding":"","_kad_post_feature":"","_kad_post_feature_position":"","_kad_post_header":false,"_kad_post_footer":false,"footnotes":""},"class_list":["post-418","page","type-page","status-publish","hentry"],"taxonomy_info":[],"featured_image_src_large":false,"author_info":{"display_name":"admin_Oganik0","author_link":"https:\/\/oganiko.com\/pl\/author\/admin_oganik0\/"},"comment_info":0,"_links":{"self":[{"href":"https:\/\/oganiko.com\/pl\/wp-json\/wp\/v2\/pages\/418","targetHints":{"allow":["GET"]}}],"collection":[{"href":"https:\/\/oganiko.com\/pl\/wp-json\/wp\/v2\/pages"}],"about":[{"href":"https:\/\/oganiko.com\/pl\/wp-json\/wp\/v2\/types\/page"}],"author":[{"embeddable":true,"href":"https:\/\/oganiko.com\/pl\/wp-json\/wp\/v2\/users\/1"}],"replies":[{"embeddable":true,"href":"https:\/\/oganiko.com\/pl\/wp-json\/wp\/v2\/comments?post=418"}],"version-history":[{"count":0,"href":"https:\/\/oganiko.com\/pl\/wp-json\/wp\/v2\/pages\/418\/revisions"}],"wp:attachment":[{"href":"https:\/\/oganiko.com\/pl\/wp-json\/wp\/v2\/media?parent=418"}],"curies":[{"name":"wp","href":"https:\/\/api.w.org\/{rel}","templated":true}]}}