{"id":449,"date":"2025-04-17T14:25:40","date_gmt":"2025-04-17T14:25:40","guid":{"rendered":"https:\/\/oganiko.com\/a-propos-de-nous\/"},"modified":"2025-04-30T16:28:25","modified_gmt":"2025-04-30T16:28:25","slug":"a-propos-de-nous","status":"publish","type":"page","link":"https:\/\/oganiko.com\/fr\/a-propos-de-nous\/","title":{"rendered":"A propos de nous"},"content":{"rendered":"<style>.wp-block-kadence-advancedheading.kt-adv-heading172_bf0192-ee, .wp-block-kadence-advancedheading.kt-adv-heading172_bf0192-ee[data-kb-block=\"kb-adv-heading172_bf0192-ee\"]{font-style:normal;}.wp-block-kadence-advancedheading.kt-adv-heading172_bf0192-ee mark.kt-highlight, .wp-block-kadence-advancedheading.kt-adv-heading172_bf0192-ee[data-kb-block=\"kb-adv-heading172_bf0192-ee\"] mark.kt-highlight{font-style:normal;color:#f76a0c;-webkit-box-decoration-break:clone;box-decoration-break:clone;padding-top:0px;padding-right:0px;padding-bottom:0px;padding-left:0px;}.wp-block-kadence-advancedheading.kt-adv-heading172_bf0192-ee img.kb-inline-image, .wp-block-kadence-advancedheading.kt-adv-heading172_bf0192-ee[data-kb-block=\"kb-adv-heading172_bf0192-ee\"] img.kb-inline-image{width:150px;vertical-align:baseline;}<\/style>\n<h2 class=\"kt-adv-heading172_bf0192-ee wp-block-kadence-advancedheading\" data-kb-block=\"kb-adv-heading172_bf0192-ee\"><strong>Introduction<\/strong><\/h2>\n\n<p class=\"has-medium-font-size\"><strong>Bienvenue chez OGANIKO &#8211; Nous sommes une petite entreprise familiale dont l&rsquo;objectif est de vous aider \u00e0 manger sainement et \u00e0 vous sentir bien. En mettant l&rsquo;accent sur les aliments de premi\u00e8re qualit\u00e9 et b\u00e9n\u00e9fiques pour la sant\u00e9, tels que le miel brut, le pollen d&rsquo;abeille et les noix, nous servons les personnes soucieuses de leur sant\u00e9 qui recherchent des produits dignes de confiance, non alt\u00e9r\u00e9s et provenant de sources durables. <\/strong><br\/><\/p>\n<style>.wp-block-kadence-advancedheading.kt-adv-heading172_5ad714-6a, .wp-block-kadence-advancedheading.kt-adv-heading172_5ad714-6a[data-kb-block=\"kb-adv-heading172_5ad714-6a\"]{font-style:normal;}.wp-block-kadence-advancedheading.kt-adv-heading172_5ad714-6a mark.kt-highlight, .wp-block-kadence-advancedheading.kt-adv-heading172_5ad714-6a[data-kb-block=\"kb-adv-heading172_5ad714-6a\"] mark.kt-highlight{font-style:normal;color:#f76a0c;-webkit-box-decoration-break:clone;box-decoration-break:clone;padding-top:0px;padding-right:0px;padding-bottom:0px;padding-left:0px;}.wp-block-kadence-advancedheading.kt-adv-heading172_5ad714-6a img.kb-inline-image, .wp-block-kadence-advancedheading.kt-adv-heading172_5ad714-6a[data-kb-block=\"kb-adv-heading172_5ad714-6a\"] img.kb-inline-image{width:150px;vertical-align:baseline;}<\/style>\n<h2 class=\"kt-adv-heading172_5ad714-6a wp-block-kadence-advancedheading\" data-kb-block=\"kb-adv-heading172_5ad714-6a\">Notre histoire<\/h2>\n\n<p>OGANIKO est n\u00e9 d&rsquo;un cheminement personnel, de notre d\u00e9sir de trouver des aliments meilleurs et plus sains pour notre propre vie. Ce qui a commenc\u00e9 comme un choix de style de vie s&rsquo;est rapidement transform\u00e9 en une mission visant \u00e0 partager des produits naturels de haute qualit\u00e9 avec d&rsquo;autres personnes qui accordent de l&rsquo;importance au bien-\u00eatre et \u00e0 l&rsquo;authenticit\u00e9. <\/p>\n\n<p>En 2016, nous nous sommes engag\u00e9s sur cette voie, et en 2018, notre fondateur Phil a quitt\u00e9 une carri\u00e8re de 20 ans dans la technologie et la conception d&rsquo;exp\u00e9rience utilisateur pour consacrer plus de temps \u00e0 l&rsquo;entreprise. En 2023, il s&rsquo;\u00e9loigne compl\u00e8tement de la vie d&rsquo;entreprise pour se consacrer \u00e0 plein temps \u00e0 OGANIKO, aux c\u00f4t\u00e9s de sa femme Edyta. Ensemble, nous avons construit une marque ancr\u00e9e dans l&rsquo;int\u00e9grit\u00e9, la transparence et l&rsquo;attention.  <\/p>\n<style>.wp-block-kadence-advancedheading.kt-adv-heading172_89bfed-1a, .wp-block-kadence-advancedheading.kt-adv-heading172_89bfed-1a[data-kb-block=\"kb-adv-heading172_89bfed-1a\"]{font-style:normal;}.wp-block-kadence-advancedheading.kt-adv-heading172_89bfed-1a mark.kt-highlight, .wp-block-kadence-advancedheading.kt-adv-heading172_89bfed-1a[data-kb-block=\"kb-adv-heading172_89bfed-1a\"] mark.kt-highlight{font-style:normal;color:#f76a0c;-webkit-box-decoration-break:clone;box-decoration-break:clone;padding-top:0px;padding-right:0px;padding-bottom:0px;padding-left:0px;}.wp-block-kadence-advancedheading.kt-adv-heading172_89bfed-1a img.kb-inline-image, .wp-block-kadence-advancedheading.kt-adv-heading172_89bfed-1a[data-kb-block=\"kb-adv-heading172_89bfed-1a\"] img.kb-inline-image{width:150px;vertical-align:baseline;}<\/style>\n<h2 class=\"kt-adv-heading172_89bfed-1a wp-block-kadence-advancedheading\" data-kb-block=\"kb-adv-heading172_89bfed-1a\">Notre mission<\/h2>\n\n<p><strong>Notre mission est simple : <\/strong>Offrir des aliments ax\u00e9s sur la sant\u00e9 qui sont naturels, inalt\u00e9r\u00e9s et stimulants. Nous croyons qu&rsquo;il faut \u00e9duquer nos clients sur ce qu&rsquo;ils consomment &#8211; et pas seulement le vendre. Qu&rsquo;il s&rsquo;agisse de miel de montagne espagnol brut, de miel de fleurs sauvages polonais cr\u00e9meux ou de pollen d&rsquo;abeille europ\u00e9en tra\u00e7able, tout ce que nous proposons soutient votre parcours de bien-\u00eatre avec clart\u00e9 et honn\u00eatet\u00e9.  <br\/><\/p>\n<style>.wp-block-kadence-advancedheading.kt-adv-heading172_fb84f7-89, .wp-block-kadence-advancedheading.kt-adv-heading172_fb84f7-89[data-kb-block=\"kb-adv-heading172_fb84f7-89\"]{font-style:normal;}.wp-block-kadence-advancedheading.kt-adv-heading172_fb84f7-89 mark.kt-highlight, .wp-block-kadence-advancedheading.kt-adv-heading172_fb84f7-89[data-kb-block=\"kb-adv-heading172_fb84f7-89\"] mark.kt-highlight{font-style:normal;color:#f76a0c;-webkit-box-decoration-break:clone;box-decoration-break:clone;padding-top:0px;padding-right:0px;padding-bottom:0px;padding-left:0px;}.wp-block-kadence-advancedheading.kt-adv-heading172_fb84f7-89 img.kb-inline-image, .wp-block-kadence-advancedheading.kt-adv-heading172_fb84f7-89[data-kb-block=\"kb-adv-heading172_fb84f7-89\"] img.kb-inline-image{width:150px;vertical-align:baseline;}<\/style>\n<h2 class=\"kt-adv-heading172_fb84f7-89 wp-block-kadence-advancedheading\" data-kb-block=\"kb-adv-heading172_fb84f7-89\"><strong>Ce qui nous rend uniques<\/strong><\/h2>\n<div class=\"wp-block-image\">\n<figure class=\"alignleft size-full\"><img loading=\"lazy\" decoding=\"async\" width=\"64\" height=\"64\" src=\"https:\/\/oganiko.com\/wp-content\/uploads\/2025\/04\/raw-unprocessed-e1745310256721.png\" alt=\"Naturel et non transform&#xE9;\" class=\"wp-image-262\"\/><\/figure>\n<\/div>\n<p><strong>Naturel et non transform\u00e9 :<\/strong><br\/>Nous croyons qu&rsquo;il faut garder les aliments aussi proches que possible de leur \u00e9tat naturel &#8211; non transform\u00e9s, non alt\u00e9r\u00e9s et pleins de bienfaits, comme la nature l&rsquo;a voulu.<\/p>\n<div class=\"wp-block-image\">\n<figure class=\"alignleft size-full\"><img loading=\"lazy\" decoding=\"async\" width=\"64\" height=\"64\" src=\"https:\/\/oganiko.com\/wp-content\/uploads\/2025\/04\/OG-Icn-Trusted-Sources-e1745311957376.png\" alt=\"\" class=\"wp-image-265\"\/><\/figure>\n<\/div>\n<p><strong>Approvisionnement de confiance :<\/strong><br\/>Nous ne travaillons qu&rsquo;avec des producteurs fiables et r\u00e9put\u00e9s qui partagent nos valeurs &#8211; en veillant \u00e0 ce que chaque produit que nous proposons r\u00e9ponde \u00e0 nos normes \u00e9lev\u00e9es en mati\u00e8re de qualit\u00e9, de transparence et d&rsquo;int\u00e9grit\u00e9.<\/p>\n<div class=\"wp-block-image\">\n<figure class=\"alignleft size-full\"><img loading=\"lazy\" decoding=\"async\" width=\"64\" height=\"64\" src=\"https:\/\/oganiko.com\/wp-content\/uploads\/2025\/04\/OG-Icn-Premium-Quality-e1745312959399.png\" alt=\"\" class=\"wp-image-266\"\/><\/figure>\n<\/div>\n<p><strong>Qualit\u00e9 sup\u00e9rieure :<\/strong><strong><br\/><\/strong> Tout ce que nous proposons est s\u00e9lectionn\u00e9 pour sa haute valeur nutritionnelle &#8211; naturellement riche en antioxydants, en min\u00e9raux essentiels et en saveur authentique.<\/p>\n<div class=\"wp-block-image\">\n<figure class=\"alignleft size-full\"><img loading=\"lazy\" decoding=\"async\" width=\"64\" height=\"64\" src=\"https:\/\/oganiko.com\/wp-content\/uploads\/2025\/04\/family_root_icon_cleaned-e1745318339702.png\" alt=\"Enracin&#xE9; dans les valeurs familiales\" class=\"wp-image-268\"\/><\/figure>\n<\/div>\n<p><strong>Enracin\u00e9s dans des valeurs familiales :<\/strong><strong><br\/><\/strong> En tant que petite entreprise familiale, nous mettons du c\u0153ur \u00e0 l&rsquo;ouvrage dans tout ce que nous faisons &#8211; avec soin, d\u00e9vouement et une v\u00e9ritable passion pour aider les autres \u00e0 bien vivre.<\/p>\n\n<p><\/p>\n<style>.wp-block-kadence-advancedheading.kt-adv-heading172_4c89ae-93, .wp-block-kadence-advancedheading.kt-adv-heading172_4c89ae-93[data-kb-block=\"kb-adv-heading172_4c89ae-93\"]{font-style:normal;}.wp-block-kadence-advancedheading.kt-adv-heading172_4c89ae-93 mark.kt-highlight, .wp-block-kadence-advancedheading.kt-adv-heading172_4c89ae-93[data-kb-block=\"kb-adv-heading172_4c89ae-93\"] mark.kt-highlight{font-style:normal;color:#f76a0c;-webkit-box-decoration-break:clone;box-decoration-break:clone;padding-top:0px;padding-right:0px;padding-bottom:0px;padding-left:0px;}.wp-block-kadence-advancedheading.kt-adv-heading172_4c89ae-93 img.kb-inline-image, .wp-block-kadence-advancedheading.kt-adv-heading172_4c89ae-93[data-kb-block=\"kb-adv-heading172_4c89ae-93\"] img.kb-inline-image{width:150px;vertical-align:baseline;}<\/style>\n<h2 class=\"kt-adv-heading172_4c89ae-93 wp-block-kadence-advancedheading\" data-kb-block=\"kb-adv-heading172_4c89ae-93\">Rencontrez l&rsquo;\u00e9quipe<\/h2>\n\n<p><strong>Phil &amp; Edyta<\/strong> &#8211; Fondateurs<br\/>Un duo mari et femme bas\u00e9 dans la campagne polonaise, nous avons construit OGANIKO \u00e0 partir de z\u00e9ro. Phil apporte son exp\u00e9rience du design et de la technologie pour cr\u00e9er une exp\u00e9rience propre et centr\u00e9e sur l&rsquo;utilisateur, tandis qu&rsquo;Edyta apporte son intuition, sa cr\u00e9ativit\u00e9 et sa perspicacit\u00e9 depuis le c\u0153ur de notre maison. <\/p>\n\n<p><\/p>\n","protected":false},"excerpt":{"rendered":"<p>Introduction Bienvenue chez OGANIKO &#8211; Nous sommes une petite entreprise familiale dont l&rsquo;objectif est de vous aider \u00e0 manger sainement et \u00e0 vous sentir bien. En mettant l&rsquo;accent sur les aliments de premi\u00e8re qualit\u00e9 et b\u00e9n\u00e9fiques pour la sant\u00e9, tels que le miel brut, le pollen d&rsquo;abeille et les noix, nous servons les personnes soucieuses&#8230;<\/p>\n","protected":false},"author":1,"featured_media":0,"parent":0,"menu_order":0,"comment_status":"closed","ping_status":"closed","template":"","meta":{"_kad_blocks_custom_css":"","_kad_blocks_head_custom_js":"","_kad_blocks_body_custom_js":"","_kad_blocks_footer_custom_js":"","_kadence_starter_templates_imported_post":false,"_kad_post_transparent":"","_kad_post_title":"","_kad_post_layout":"","_kad_post_sidebar_id":"","_kad_post_content_style":"","_kad_post_vertical_padding":"","_kad_post_feature":"","_kad_post_feature_position":"","_kad_post_header":false,"_kad_post_footer":false,"footnotes":""},"class_list":["post-449","page","type-page","status-publish","hentry"],"taxonomy_info":[],"featured_image_src_large":false,"author_info":{"display_name":"admin_Oganik0","author_link":"https:\/\/oganiko.com\/fr\/author\/admin_oganik0\/"},"comment_info":0,"_links":{"self":[{"href":"https:\/\/oganiko.com\/fr\/wp-json\/wp\/v2\/pages\/449","targetHints":{"allow":["GET"]}}],"collection":[{"href":"https:\/\/oganiko.com\/fr\/wp-json\/wp\/v2\/pages"}],"about":[{"href":"https:\/\/oganiko.com\/fr\/wp-json\/wp\/v2\/types\/page"}],"author":[{"embeddable":true,"href":"https:\/\/oganiko.com\/fr\/wp-json\/wp\/v2\/users\/1"}],"replies":[{"embeddable":true,"href":"https:\/\/oganiko.com\/fr\/wp-json\/wp\/v2\/comments?post=449"}],"version-history":[{"count":1,"href":"https:\/\/oganiko.com\/fr\/wp-json\/wp\/v2\/pages\/449\/revisions"}],"predecessor-version":[{"id":451,"href":"https:\/\/oganiko.com\/fr\/wp-json\/wp\/v2\/pages\/449\/revisions\/451"}],"wp:attachment":[{"href":"https:\/\/oganiko.com\/fr\/wp-json\/wp\/v2\/media?parent=449"}],"curies":[{"name":"wp","href":"https:\/\/api.w.org\/{rel}","templated":true}]}}