{"id":552,"date":"2025-05-04T07:23:29","date_gmt":"2025-05-04T07:23:29","guid":{"rendered":"https:\/\/oganiko.com\/unsere-produkte\/spanischer-berghonig\/"},"modified":"2025-05-13T11:06:47","modified_gmt":"2025-05-13T11:06:47","slug":"spanischer-berghonig","status":"publish","type":"page","link":"https:\/\/oganiko.com\/de\/honig\/spanischer-berghonig\/","title":{"rendered":"Spanischer Berghonig"},"content":{"rendered":"<style>.kb-row-layout-id495_a4b43e-38 > .kt-row-column-wrap{align-content:start;}:where(.kb-row-layout-id495_a4b43e-38 > .kt-row-column-wrap) > .wp-block-kadence-column{justify-content:start;}.kb-row-layout-id495_a4b43e-38 > .kt-row-column-wrap{column-gap:var(--global-kb-gap-md, 2rem);row-gap:var(--global-kb-gap-md, 2rem);padding-top:var(--global-kb-spacing-sm, 1.5rem);padding-bottom:var(--global-kb-spacing-sm, 1.5rem);grid-template-columns:repeat(2, minmax(0, 1fr));}.kb-row-layout-id495_a4b43e-38 > .kt-row-layout-overlay{opacity:0.30;}@media all and (max-width: 1024px){.kb-row-layout-id495_a4b43e-38 > .kt-row-column-wrap{grid-template-columns:repeat(2, minmax(0, 1fr));}}@media all and (max-width: 767px){.kb-row-layout-id495_a4b43e-38 > .kt-row-column-wrap{grid-template-columns:minmax(0, 1fr);}}<\/style><div class=\"kb-row-layout-wrap kb-row-layout-id495_a4b43e-38 alignnone wp-block-kadence-rowlayout\"><div class=\"kt-row-column-wrap kt-has-2-columns kt-row-layout-equal kt-tab-layout-inherit kt-mobile-layout-row kt-row-valign-top\">\n<style>.kadence-column495_f6462c-27 > .kt-inside-inner-col,.kadence-column495_f6462c-27 > .kt-inside-inner-col:before{border-top-left-radius:0px;border-top-right-radius:0px;border-bottom-right-radius:0px;border-bottom-left-radius:0px;}.kadence-column495_f6462c-27 > .kt-inside-inner-col{column-gap:var(--global-kb-gap-sm, 1rem);}.kadence-column495_f6462c-27 > .kt-inside-inner-col{flex-direction:column;}.kadence-column495_f6462c-27 > .kt-inside-inner-col > .aligncenter{width:100%;}.kadence-column495_f6462c-27 > .kt-inside-inner-col:before{opacity:0.3;}.kadence-column495_f6462c-27{position:relative;}@media all and (max-width: 1024px){.kadence-column495_f6462c-27 > .kt-inside-inner-col{flex-direction:column;justify-content:center;}}@media all and (max-width: 767px){.kadence-column495_f6462c-27 > .kt-inside-inner-col{flex-direction:column;justify-content:center;}}<\/style>\n<div class=\"wp-block-kadence-column kadence-column495_f6462c-27\"><div class=\"kt-inside-inner-col\">\n<figure class=\"wp-block-image size-large\"><img loading=\"lazy\" decoding=\"async\" width=\"656\" height=\"1024\" src=\"https:\/\/oganiko.com\/wp-content\/uploads\/2025\/04\/OG-MTH-Web-656x1024.png\" alt=\"OGANIKO Spanischer Berghonig  \" class=\"wp-image-333\" srcset=\"https:\/\/oganiko.com\/wp-content\/uploads\/2025\/04\/OG-MTH-Web-656x1024.png 656w, https:\/\/oganiko.com\/wp-content\/uploads\/2025\/04\/OG-MTH-Web-192x300.png 192w, https:\/\/oganiko.com\/wp-content\/uploads\/2025\/04\/OG-MTH-Web-768x1199.png 768w, https:\/\/oganiko.com\/wp-content\/uploads\/2025\/04\/OG-MTH-Web.png 961w\" sizes=\"auto, (max-width: 656px) 100vw, 656px\" \/><\/figure>\n<\/div><\/div>\n\n\n<style>.kadence-column495_a1d2d2-47 > .kt-inside-inner-col,.kadence-column495_a1d2d2-47 > .kt-inside-inner-col:before{border-top-left-radius:0px;border-top-right-radius:0px;border-bottom-right-radius:0px;border-bottom-left-radius:0px;}.kadence-column495_a1d2d2-47 > .kt-inside-inner-col{column-gap:var(--global-kb-gap-sm, 1rem);}.kadence-column495_a1d2d2-47 > .kt-inside-inner-col{flex-direction:column;}.kadence-column495_a1d2d2-47 > .kt-inside-inner-col > .aligncenter{width:100%;}.kadence-column495_a1d2d2-47 > .kt-inside-inner-col:before{opacity:0.3;}.kadence-column495_a1d2d2-47{position:relative;}@media all and (max-width: 1024px){.kadence-column495_a1d2d2-47 > .kt-inside-inner-col{flex-direction:column;justify-content:center;}}@media all and (max-width: 767px){.kadence-column495_a1d2d2-47 > .kt-inside-inner-col{flex-direction:column;justify-content:center;}}<\/style>\n<div class=\"wp-block-kadence-column kadence-column495_a1d2d2-47\"><div class=\"kt-inside-inner-col\"><nav aria-label=\"breadcrumbs\" class=\"rank-math-breadcrumb\"><p><span class=\"last\">Home<\/span><\/p><\/nav>\n\n\n\n<h2 class=\"wp-block-heading has-large-font-size\">Spanischer Berghonig  <\/h2>\n\n\n\n<p class=\"has-medium-font-size\" style=\"padding-top:0;padding-bottom:0\"><strong>100% roh, unverarbeitet &amp; rein  <\/strong><\/p>\n\n\n\n<ul class=\"wp-block-list\">\n<li>Geerntet in den iberischen Gebirgsz\u00fcgen (600-1.600 m)<\/li>\n\n\n\n<li>Unverarbeitet, 100% roh, reich an Antioxidantien und wichtigen Mineralien<\/li>\n\n\n\n<li>Blumige S\u00fc\u00dfe mit nussigen, erdigen Noten und Ankl\u00e4ngen von Wildeiche und Kastanie<\/li>\n\n\n\n<li>Nat\u00fcrlich langsam kristallisierend &#8211; nie hitzebehandelt<\/li>\n\n\n\n<li>Perfekt f\u00fcr Tee, Brot, K\u00e4se, Gem\u00fcse und Dressings.<\/li>\n<\/ul>\n\n\n\n<h3 class=\"wp-block-heading\">Geschmack &amp; Paarung<\/h3>\n\n\n\n<ul class=\"wp-block-list\">\n<li>(Dunkel-)bernsteinfarben<\/li>\n\n\n\n<li>Blumige S\u00fc\u00dfe<\/li>\n\n\n\n<li>Erdige und nussige Untert\u00f6ne<\/li>\n\n\n\n<li>Subtile Salzigkeit.<\/li>\n<\/ul>\n\n\n\n<h3 class=\"wp-block-heading\"><strong>Perfekte Paarungen<\/strong><\/h3>\n\n\n\n<ul class=\"wp-block-list\">\n<li>Mittelm\u00e4\u00dfig gereifte K\u00e4sesorten<\/li>\n\n\n\n<li>Vollkorn- oder Wei\u00dfbrot<\/li>\n\n\n\n<li>Warme oder kalte Getr\u00e4nke<\/li>\n\n\n\n<li>Salate, gebratenes Gem\u00fcse, H\u00fclsenfr\u00fcchte<\/li>\n<\/ul>\n\n\n\n<h3 class=\"wp-block-heading\"><strong>Lagerung &amp; Verpackung<\/strong><\/h3>\n\n\n\n<ul class=\"wp-block-list\">\n<li>An einem k\u00fchlen, dunklen Ort aufbewahren<\/li>\n<\/ul>\n<\/div><\/div>\n\n<\/div><\/div>","protected":false},"excerpt":{"rendered":"<p>Spanischer Berghonig 100% roh, unverarbeitet &amp; rein Geschmack &amp; Paarung Perfekte Paarungen Lagerung &amp; Verpackung<\/p>\n","protected":false},"author":1,"featured_media":0,"parent":441,"menu_order":0,"comment_status":"closed","ping_status":"closed","template":"","meta":{"_kad_blocks_custom_css":"","_kad_blocks_head_custom_js":"","_kad_blocks_body_custom_js":"","_kad_blocks_footer_custom_js":"","_kadence_starter_templates_imported_post":false,"_kad_post_transparent":"","_kad_post_title":"hide","_kad_post_layout":"normal","_kad_post_sidebar_id":"","_kad_post_content_style":"unboxed","_kad_post_vertical_padding":"hide","_kad_post_feature":"","_kad_post_feature_position":"","_kad_post_header":false,"_kad_post_footer":false,"footnotes":""},"class_list":["post-552","page","type-page","status-publish","hentry"],"taxonomy_info":[],"featured_image_src_large":false,"author_info":{"display_name":"admin_Oganik0","author_link":"https:\/\/oganiko.com\/de\/author\/admin_oganik0\/"},"comment_info":0,"_links":{"self":[{"href":"https:\/\/oganiko.com\/de\/wp-json\/wp\/v2\/pages\/552","targetHints":{"allow":["GET"]}}],"collection":[{"href":"https:\/\/oganiko.com\/de\/wp-json\/wp\/v2\/pages"}],"about":[{"href":"https:\/\/oganiko.com\/de\/wp-json\/wp\/v2\/types\/page"}],"author":[{"embeddable":true,"href":"https:\/\/oganiko.com\/de\/wp-json\/wp\/v2\/users\/1"}],"replies":[{"embeddable":true,"href":"https:\/\/oganiko.com\/de\/wp-json\/wp\/v2\/comments?post=552"}],"version-history":[{"count":2,"href":"https:\/\/oganiko.com\/de\/wp-json\/wp\/v2\/pages\/552\/revisions"}],"predecessor-version":[{"id":554,"href":"https:\/\/oganiko.com\/de\/wp-json\/wp\/v2\/pages\/552\/revisions\/554"}],"up":[{"embeddable":true,"href":"https:\/\/oganiko.com\/de\/wp-json\/wp\/v2\/pages\/441"}],"wp:attachment":[{"href":"https:\/\/oganiko.com\/de\/wp-json\/wp\/v2\/media?parent=552"}],"curies":[{"name":"wp","href":"https:\/\/api.w.org\/{rel}","templated":true}]}}