{"id":446,"date":"2025-04-17T14:25:40","date_gmt":"2025-04-17T14:25:40","guid":{"rendered":"https:\/\/oganiko.com\/ueber-uns\/"},"modified":"2025-05-08T12:05:25","modified_gmt":"2025-05-08T12:05:25","slug":"ueber-uns","status":"publish","type":"page","link":"https:\/\/oganiko.com\/de\/ueber-uns\/","title":{"rendered":"\u00dcber uns"},"content":{"rendered":"<style>.wp-block-kadence-advancedheading.kt-adv-heading172_bf0192-ee, .wp-block-kadence-advancedheading.kt-adv-heading172_bf0192-ee[data-kb-block=\"kb-adv-heading172_bf0192-ee\"]{font-style:normal;}.wp-block-kadence-advancedheading.kt-adv-heading172_bf0192-ee mark.kt-highlight, .wp-block-kadence-advancedheading.kt-adv-heading172_bf0192-ee[data-kb-block=\"kb-adv-heading172_bf0192-ee\"] mark.kt-highlight{font-style:normal;color:#f76a0c;-webkit-box-decoration-break:clone;box-decoration-break:clone;padding-top:0px;padding-right:0px;padding-bottom:0px;padding-left:0px;}.wp-block-kadence-advancedheading.kt-adv-heading172_bf0192-ee img.kb-inline-image, .wp-block-kadence-advancedheading.kt-adv-heading172_bf0192-ee[data-kb-block=\"kb-adv-heading172_bf0192-ee\"] img.kb-inline-image{width:150px;vertical-align:baseline;}<\/style>\n<h2 class=\"kt-adv-heading172_bf0192-ee wp-block-kadence-advancedheading\" data-kb-block=\"kb-adv-heading172_bf0192-ee\"><strong>Einf\u00fchrung<\/strong><\/h2>\n\n<p class=\"has-medium-font-size\"><strong>Willkommen bei OGANIKO &#8211; Wir sind ein kleines, familiengef\u00fchrtes Unternehmen, das sich zum Ziel gesetzt hat, Ihnen zu helfen, sich gesund zu ern\u00e4hren und sich gut zu f\u00fchlen. Wir konzentrieren uns auf hochwertige, gesundheitsf\u00f6rdernde Lebensmittel wie Rohhonig, Bienenpollen und Waln\u00fcsse. Wir beliefern gesundheitsbewusste Menschen, die auf der Suche nach vertrauensw\u00fcrdigen, unverf\u00e4lschten und nachhaltig erzeugten Produkten sind. <\/strong><br\/><\/p>\n<style>.wp-block-kadence-advancedheading.kt-adv-heading172_5ad714-6a, .wp-block-kadence-advancedheading.kt-adv-heading172_5ad714-6a[data-kb-block=\"kb-adv-heading172_5ad714-6a\"]{font-style:normal;}.wp-block-kadence-advancedheading.kt-adv-heading172_5ad714-6a mark.kt-highlight, .wp-block-kadence-advancedheading.kt-adv-heading172_5ad714-6a[data-kb-block=\"kb-adv-heading172_5ad714-6a\"] mark.kt-highlight{font-style:normal;color:#f76a0c;-webkit-box-decoration-break:clone;box-decoration-break:clone;padding-top:0px;padding-right:0px;padding-bottom:0px;padding-left:0px;}.wp-block-kadence-advancedheading.kt-adv-heading172_5ad714-6a img.kb-inline-image, .wp-block-kadence-advancedheading.kt-adv-heading172_5ad714-6a[data-kb-block=\"kb-adv-heading172_5ad714-6a\"] img.kb-inline-image{width:150px;vertical-align:baseline;}<\/style>\n<h2 class=\"kt-adv-heading172_5ad714-6a wp-block-kadence-advancedheading\" data-kb-block=\"kb-adv-heading172_5ad714-6a\">Unsere Geschichte<\/h2>\n\n<p>OGANIKO begann als eine pers\u00f6nliche Reise &#8211; geboren aus dem Wunsch, bessere, ges\u00fcndere Lebensmittel f\u00fcr unser eigenes Leben zu finden. Was als Lifestyle-Entscheidung begann, wurde schnell zu einer Mission, hochwertige, nat\u00fcrliche Produkte mit anderen zu teilen, die Wellness und Authentizit\u00e4t sch\u00e4tzen. <\/p>\n\n<p>Im Jahr 2016 haben wir diesen Weg eingeschlagen und 2018 hat unser Gr\u00fcnder Phil eine 20-j\u00e4hrige Karriere in den Bereichen Technologie und User Experience Design aufgegeben, um mehr Zeit f\u00fcr das Unternehmen zu haben. Im Jahr 2023 zog er sich ganz aus dem Gesch\u00e4ftsleben zur\u00fcck, um sich zusammen mit seiner Frau Edyta ganz auf OGANIKO zu konzentrieren. Gemeinsam haben wir eine Marke aufgebaut, die sich durch Integrit\u00e4t, Transparenz und Sorgfalt auszeichnet.  <\/p>\n<style>.wp-block-kadence-advancedheading.kt-adv-heading172_89bfed-1a, .wp-block-kadence-advancedheading.kt-adv-heading172_89bfed-1a[data-kb-block=\"kb-adv-heading172_89bfed-1a\"]{font-style:normal;}.wp-block-kadence-advancedheading.kt-adv-heading172_89bfed-1a mark.kt-highlight, .wp-block-kadence-advancedheading.kt-adv-heading172_89bfed-1a[data-kb-block=\"kb-adv-heading172_89bfed-1a\"] mark.kt-highlight{font-style:normal;color:#f76a0c;-webkit-box-decoration-break:clone;box-decoration-break:clone;padding-top:0px;padding-right:0px;padding-bottom:0px;padding-left:0px;}.wp-block-kadence-advancedheading.kt-adv-heading172_89bfed-1a img.kb-inline-image, .wp-block-kadence-advancedheading.kt-adv-heading172_89bfed-1a[data-kb-block=\"kb-adv-heading172_89bfed-1a\"] img.kb-inline-image{width:150px;vertical-align:baseline;}<\/style>\n<h2 class=\"kt-adv-heading172_89bfed-1a wp-block-kadence-advancedheading\" data-kb-block=\"kb-adv-heading172_89bfed-1a\">Unser Auftrag<\/h2>\n\n<p><strong>Unsere Mission ist einfach: <\/strong>Wir bieten gesundheitsf\u00f6rdernde Lebensmittel an, die nat\u00fcrlich, unverf\u00e4lscht und st\u00e4rkend sind. Wir glauben daran, dass wir unsere Kunden \u00fcber das, was sie konsumieren, aufkl\u00e4ren &#8211; und nicht nur verkaufen. Ob roher spanischer Berghonig, cremiger polnischer Wildbl\u00fctenhonig oder r\u00fcckverfolgbarer europ\u00e4ischer Bienenpollen &#8211; alles, was wir anbieten, unterst\u00fctzt Ihre Wellness-Reise mit Klarheit und Ehrlichkeit.  <br\/><\/p>\n<style>.wp-block-kadence-advancedheading.kt-adv-heading172_fb84f7-89, .wp-block-kadence-advancedheading.kt-adv-heading172_fb84f7-89[data-kb-block=\"kb-adv-heading172_fb84f7-89\"]{font-style:normal;}.wp-block-kadence-advancedheading.kt-adv-heading172_fb84f7-89 mark.kt-highlight, .wp-block-kadence-advancedheading.kt-adv-heading172_fb84f7-89[data-kb-block=\"kb-adv-heading172_fb84f7-89\"] mark.kt-highlight{font-style:normal;color:#f76a0c;-webkit-box-decoration-break:clone;box-decoration-break:clone;padding-top:0px;padding-right:0px;padding-bottom:0px;padding-left:0px;}.wp-block-kadence-advancedheading.kt-adv-heading172_fb84f7-89 img.kb-inline-image, .wp-block-kadence-advancedheading.kt-adv-heading172_fb84f7-89[data-kb-block=\"kb-adv-heading172_fb84f7-89\"] img.kb-inline-image{width:150px;vertical-align:baseline;}<\/style>\n<h2 class=\"kt-adv-heading172_fb84f7-89 wp-block-kadence-advancedheading\" data-kb-block=\"kb-adv-heading172_fb84f7-89\"><strong>Was uns einzigartig macht<\/strong><\/h2>\n<div class=\"wp-block-image\">\n<figure class=\"alignleft size-full\"><img loading=\"lazy\" decoding=\"async\" width=\"64\" height=\"64\" src=\"https:\/\/oganiko.com\/wp-content\/uploads\/2025\/04\/raw-unprocessed-e1745310256721.png\" alt=\"Nat&#xFC;rlich &amp;amp; Unverarbeitet\" class=\"wp-image-262\"\/><\/figure>\n<\/div>\n<p><strong>Nat\u00fcrlich und unverarbeitet:<\/strong><br\/>Wir glauben daran, dass Lebensmittel so naturbelassen wie m\u00f6glich sein sollten &#8211; unverarbeitet, unverf\u00e4lscht und voller G\u00fcte, wie es die Natur vorgesehen hat.<\/p>\n<div class=\"wp-block-image\">\n<figure class=\"alignleft size-full\"><img loading=\"lazy\" decoding=\"async\" width=\"64\" height=\"64\" src=\"https:\/\/oganiko.com\/wp-content\/uploads\/2025\/04\/OG-Icn-Trusted-Sources-e1745311957376.png\" alt=\"\" class=\"wp-image-265\"\/><\/figure>\n<\/div>\n<p><strong>Vertrauensw\u00fcrdige Beschaffung:<\/strong><br\/>Wir arbeiten nur mit zuverl\u00e4ssigen, seri\u00f6sen Herstellern zusammen, die unsere Werte teilen. So stellen wir sicher, dass jedes Produkt, das wir anbieten, unseren hohen Standards f\u00fcr Qualit\u00e4t, Transparenz und Integrit\u00e4t entspricht.<\/p>\n<div class=\"wp-block-image\">\n<figure class=\"alignleft size-full\"><img loading=\"lazy\" decoding=\"async\" width=\"64\" height=\"64\" src=\"https:\/\/oganiko.com\/wp-content\/uploads\/2025\/04\/OG-Icn-Premium-Quality-e1745312959399.png\" alt=\"\" class=\"wp-image-266\"\/><\/figure>\n<\/div>\n<p><strong>Erstklassige Qualit\u00e4t:<\/strong><strong><br\/><\/strong> Alles, was wir anbieten, wird aufgrund seines hohen N\u00e4hrwerts ausgew\u00e4hlt &#8211; nat\u00fcrlich reich an Antioxidantien, essentiellen Mineralien und authentischem Geschmack.<\/p>\n<div class=\"wp-block-image\">\n<figure class=\"alignleft size-full\"><img loading=\"lazy\" decoding=\"async\" width=\"64\" height=\"64\" src=\"https:\/\/oganiko.com\/wp-content\/uploads\/2025\/04\/family_root_icon_cleaned-e1745318339702.png\" alt=\"Verwurzelt in Familienwerten\" class=\"wp-image-268\"\/><\/figure>\n<\/div>\n<p><strong>Verwurzelt in Familienwerten:<\/strong><strong><br\/><\/strong> Als kleines Familienunternehmen setzen wir alles, was wir tun, mit Herzblut um &#8211; mit Sorgfalt, Hingabe und einer echten Leidenschaft daf\u00fcr, anderen zu helfen, gut zu leben.<\/p>\n\n<p><\/p>\n<style>.wp-block-kadence-advancedheading.kt-adv-heading172_4c89ae-93, .wp-block-kadence-advancedheading.kt-adv-heading172_4c89ae-93[data-kb-block=\"kb-adv-heading172_4c89ae-93\"]{font-style:normal;}.wp-block-kadence-advancedheading.kt-adv-heading172_4c89ae-93 mark.kt-highlight, .wp-block-kadence-advancedheading.kt-adv-heading172_4c89ae-93[data-kb-block=\"kb-adv-heading172_4c89ae-93\"] mark.kt-highlight{font-style:normal;color:#f76a0c;-webkit-box-decoration-break:clone;box-decoration-break:clone;padding-top:0px;padding-right:0px;padding-bottom:0px;padding-left:0px;}.wp-block-kadence-advancedheading.kt-adv-heading172_4c89ae-93 img.kb-inline-image, .wp-block-kadence-advancedheading.kt-adv-heading172_4c89ae-93[data-kb-block=\"kb-adv-heading172_4c89ae-93\"] img.kb-inline-image{width:150px;vertical-align:baseline;}<\/style>\n<h2 class=\"kt-adv-heading172_4c89ae-93 wp-block-kadence-advancedheading\" data-kb-block=\"kb-adv-heading172_4c89ae-93\">Treffen Sie das Team<\/h2>\n\n<p><strong>Phil &amp; Edyta<\/strong> &#8211; Gr\u00fcnder<br\/>Wir sind ein Ehepaar aus dem l\u00e4ndlichen Polen und haben OGANIKO von Grund auf aufgebaut. Phil bringt seinen Hintergrund in Design und Technik ein, um ein sauberes, benutzerorientiertes Erlebnis zu schaffen, w\u00e4hrend Edyta Intuition, Kreativit\u00e4t und Einblicke aus dem Herzen unserer Heimat mitbringt. <\/p>\n\n<p><\/p>\n","protected":false},"excerpt":{"rendered":"<p>Einf\u00fchrung Willkommen bei OGANIKO &#8211; Wir sind ein kleines, familiengef\u00fchrtes Unternehmen, das sich zum Ziel gesetzt hat, Ihnen zu helfen, sich gesund zu ern\u00e4hren und sich gut zu f\u00fchlen. Wir konzentrieren uns auf hochwertige, gesundheitsf\u00f6rdernde Lebensmittel wie Rohhonig, Bienenpollen und Waln\u00fcsse. Wir beliefern gesundheitsbewusste Menschen, die auf der Suche nach vertrauensw\u00fcrdigen, unverf\u00e4lschten und nachhaltig erzeugten&#8230;<\/p>\n","protected":false},"author":1,"featured_media":0,"parent":0,"menu_order":0,"comment_status":"closed","ping_status":"closed","template":"","meta":{"_kad_blocks_custom_css":"","_kad_blocks_head_custom_js":"","_kad_blocks_body_custom_js":"","_kad_blocks_footer_custom_js":"","_kadence_starter_templates_imported_post":false,"_kad_post_transparent":"","_kad_post_title":"","_kad_post_layout":"","_kad_post_sidebar_id":"","_kad_post_content_style":"","_kad_post_vertical_padding":"","_kad_post_feature":"","_kad_post_feature_position":"","_kad_post_header":false,"_kad_post_footer":false,"footnotes":""},"class_list":["post-446","page","type-page","status-publish","hentry"],"taxonomy_info":[],"featured_image_src_large":false,"author_info":{"display_name":"admin_Oganik0","author_link":"https:\/\/oganiko.com\/de\/author\/admin_oganik0\/"},"comment_info":0,"_links":{"self":[{"href":"https:\/\/oganiko.com\/de\/wp-json\/wp\/v2\/pages\/446","targetHints":{"allow":["GET"]}}],"collection":[{"href":"https:\/\/oganiko.com\/de\/wp-json\/wp\/v2\/pages"}],"about":[{"href":"https:\/\/oganiko.com\/de\/wp-json\/wp\/v2\/types\/page"}],"author":[{"embeddable":true,"href":"https:\/\/oganiko.com\/de\/wp-json\/wp\/v2\/users\/1"}],"replies":[{"embeddable":true,"href":"https:\/\/oganiko.com\/de\/wp-json\/wp\/v2\/comments?post=446"}],"version-history":[{"count":3,"href":"https:\/\/oganiko.com\/de\/wp-json\/wp\/v2\/pages\/446\/revisions"}],"predecessor-version":[{"id":518,"href":"https:\/\/oganiko.com\/de\/wp-json\/wp\/v2\/pages\/446\/revisions\/518"}],"wp:attachment":[{"href":"https:\/\/oganiko.com\/de\/wp-json\/wp\/v2\/media?parent=446"}],"curies":[{"name":"wp","href":"https:\/\/api.w.org\/{rel}","templated":true}]}}